{"id":565,"date":"2023-03-06T20:01:50","date_gmt":"2023-03-06T18:01:50","guid":{"rendered":"https:\/\/vol-nat.com\/accueil\/"},"modified":"2023-12-14T08:08:00","modified_gmt":"2023-12-14T06:08:00","slug":"home","status":"publish","type":"page","link":"https:\/\/vol-nat.com\/fr\/","title":{"rendered":"Accueil"},"content":{"rendered":"","protected":false},"excerpt":{"rendered":"","protected":false},"author":1,"featured_media":0,"parent":0,"menu_order":0,"comment_status":"closed","ping_status":"closed","template":"","meta":{"footnotes":""},"class_list":["post-565","page","type-page","status-publish","hentry"],"yoast_head":"<!-- This site is optimized with the Yoast SEO plugin v27.4 - https:\/\/yoast.com\/product\/yoast-seo-wordpress\/ -->\n<title>Acheter Best Walnuts Wholesale Walnuts | Volnat<\/title>\n<meta name=\"description\" content=\"Volnat offre les meilleures noix brutes en vrac pour la vente aux grossistes et aux d\u00e9taillants, livr\u00e9es \u00e0 votre porte. Achetez des noix de premi\u00e8re qualit\u00e9 en grandes quantit\u00e9s \u00e0 partir de 800 kg. Demandez un devis maintenant !\" \/>\n<meta name=\"robots\" content=\"index, follow, max-snippet:-1, max-image-preview:large, max-video-preview:-1\" \/>\n<link rel=\"canonical\" href=\"https:\/\/vol-nat.com\/fr\/\" \/>\n<meta property=\"og:locale\" content=\"fr_FR\" \/>\n<meta property=\"og:type\" content=\"article\" \/>\n<meta property=\"og:title\" content=\"Acheter Best Walnuts Wholesale Walnuts | Volnat\" \/>\n<meta property=\"og:description\" content=\"Volnat offre les meilleures noix brutes en vrac pour la vente aux grossistes et aux d\u00e9taillants, livr\u00e9es \u00e0 votre porte. Achetez des noix de premi\u00e8re qualit\u00e9 en grandes quantit\u00e9s \u00e0 partir de 800 kg. Demandez un devis maintenant !\" \/>\n<meta property=\"og:url\" content=\"https:\/\/vol-nat.com\/fr\/\" \/>\n<meta property=\"og:site_name\" content=\"Volnat\" \/>\n<meta property=\"article:modified_time\" content=\"2023-12-14T06:08:00+00:00\" \/>\n<meta property=\"og:image\" content=\"https:\/\/vol-nat.com\/wp-content\/uploads\/2023\/03\/Artboard-\u2013-1.jpg\" \/>\n\t<meta property=\"og:image:width\" content=\"1200\" \/>\n\t<meta property=\"og:image:height\" content=\"675\" \/>\n\t<meta property=\"og:image:type\" content=\"image\/jpeg\" \/>\n<meta name=\"twitter:card\" content=\"summary_large_image\" \/>\n<meta name=\"twitter:label1\" content=\"Dur\u00e9e de lecture estim\u00e9e\" \/>\n\t<meta name=\"twitter:data1\" content=\"1 minute\" \/>\n<script type=\"application\/ld+json\" class=\"yoast-schema-graph\">{\"@context\":\"https:\\\/\\\/schema.org\",\"@graph\":[{\"@type\":\"WebPage\",\"@id\":\"https:\\\/\\\/vol-nat.com\\\/fr\\\/\",\"url\":\"https:\\\/\\\/vol-nat.com\\\/fr\\\/\",\"name\":\"Acheter Best Walnuts Wholesale Walnuts | Volnat\",\"isPartOf\":{\"@id\":\"https:\\\/\\\/vol-nat.com\\\/fr\\\/#website\"},\"datePublished\":\"2023-03-06T18:01:50+00:00\",\"dateModified\":\"2023-12-14T06:08:00+00:00\",\"description\":\"Volnat offre les meilleures noix brutes en vrac pour la vente aux grossistes et aux d\u00e9taillants, livr\u00e9es \u00e0 votre porte. Achetez des noix de premi\u00e8re qualit\u00e9 en grandes quantit\u00e9s \u00e0 partir de 800 kg. Demandez un devis maintenant !\",\"breadcrumb\":{\"@id\":\"https:\\\/\\\/vol-nat.com\\\/fr\\\/#breadcrumb\"},\"inLanguage\":\"fr-FR\",\"potentialAction\":[{\"@type\":\"ReadAction\",\"target\":[\"https:\\\/\\\/vol-nat.com\\\/fr\\\/\"]}]},{\"@type\":\"BreadcrumbList\",\"@id\":\"https:\\\/\\\/vol-nat.com\\\/fr\\\/#breadcrumb\",\"itemListElement\":[{\"@type\":\"ListItem\",\"position\":1,\"name\":\"Home\",\"item\":\"https:\\\/\\\/vol-nat.com\\\/fr\\\/\"},{\"@type\":\"ListItem\",\"position\":2,\"name\":\"Accueil\"}]},{\"@type\":\"WebSite\",\"@id\":\"https:\\\/\\\/vol-nat.com\\\/fr\\\/#website\",\"url\":\"https:\\\/\\\/vol-nat.com\\\/fr\\\/\",\"name\":\"Volnat\",\"description\":\"Premium walnuts, farmed with love.\",\"publisher\":{\"@id\":\"https:\\\/\\\/vol-nat.com\\\/fr\\\/#organization\"},\"potentialAction\":[{\"@type\":\"SearchAction\",\"target\":{\"@type\":\"EntryPoint\",\"urlTemplate\":\"https:\\\/\\\/vol-nat.com\\\/fr\\\/?s={search_term_string}\"},\"query-input\":{\"@type\":\"PropertyValueSpecification\",\"valueRequired\":true,\"valueName\":\"search_term_string\"}}],\"inLanguage\":\"fr-FR\"},{\"@type\":\"Organization\",\"@id\":\"https:\\\/\\\/vol-nat.com\\\/fr\\\/#organization\",\"name\":\"Volnat\",\"alternateName\":\"VolNat\",\"url\":\"https:\\\/\\\/vol-nat.com\\\/fr\\\/\",\"logo\":{\"@type\":\"ImageObject\",\"inLanguage\":\"fr-FR\",\"@id\":\"https:\\\/\\\/vol-nat.com\\\/fr\\\/#\\\/schema\\\/logo\\\/image\\\/\",\"url\":\"http:\\\/\\\/vol-nat.com\\\/wp-content\\\/uploads\\\/2023\\\/03\\\/lo.png\",\"contentUrl\":\"http:\\\/\\\/vol-nat.com\\\/wp-content\\\/uploads\\\/2023\\\/03\\\/lo.png\",\"width\":201,\"height\":45,\"caption\":\"Volnat\"},\"image\":{\"@id\":\"https:\\\/\\\/vol-nat.com\\\/fr\\\/#\\\/schema\\\/logo\\\/image\\\/\"}}]}<\/script>\n<!-- \/ Yoast SEO plugin. -->","yoast_head_json":{"title":"Acheter Best Walnuts Wholesale Walnuts | Volnat","description":"Volnat offre les meilleures noix brutes en vrac pour la vente aux grossistes et aux d\u00e9taillants, livr\u00e9es \u00e0 votre porte. Achetez des noix de premi\u00e8re qualit\u00e9 en grandes quantit\u00e9s \u00e0 partir de 800 kg. Demandez un devis maintenant !","robots":{"index":"index","follow":"follow","max-snippet":"max-snippet:-1","max-image-preview":"max-image-preview:large","max-video-preview":"max-video-preview:-1"},"canonical":"https:\/\/vol-nat.com\/fr\/","og_locale":"fr_FR","og_type":"article","og_title":"Acheter Best Walnuts Wholesale Walnuts | Volnat","og_description":"Volnat offre les meilleures noix brutes en vrac pour la vente aux grossistes et aux d\u00e9taillants, livr\u00e9es \u00e0 votre porte. Achetez des noix de premi\u00e8re qualit\u00e9 en grandes quantit\u00e9s \u00e0 partir de 800 kg. Demandez un devis maintenant !","og_url":"https:\/\/vol-nat.com\/fr\/","og_site_name":"Volnat","article_modified_time":"2023-12-14T06:08:00+00:00","og_image":[{"width":1200,"height":675,"url":"https:\/\/vol-nat.com\/wp-content\/uploads\/2023\/03\/Artboard-\u2013-1.jpg","type":"image\/jpeg"}],"twitter_card":"summary_large_image","twitter_misc":{"Dur\u00e9e de lecture estim\u00e9e":"1 minute"},"schema":{"@context":"https:\/\/schema.org","@graph":[{"@type":"WebPage","@id":"https:\/\/vol-nat.com\/fr\/","url":"https:\/\/vol-nat.com\/fr\/","name":"Acheter Best Walnuts Wholesale Walnuts | Volnat","isPartOf":{"@id":"https:\/\/vol-nat.com\/fr\/#website"},"datePublished":"2023-03-06T18:01:50+00:00","dateModified":"2023-12-14T06:08:00+00:00","description":"Volnat offre les meilleures noix brutes en vrac pour la vente aux grossistes et aux d\u00e9taillants, livr\u00e9es \u00e0 votre porte. Achetez des noix de premi\u00e8re qualit\u00e9 en grandes quantit\u00e9s \u00e0 partir de 800 kg. Demandez un devis maintenant !","breadcrumb":{"@id":"https:\/\/vol-nat.com\/fr\/#breadcrumb"},"inLanguage":"fr-FR","potentialAction":[{"@type":"ReadAction","target":["https:\/\/vol-nat.com\/fr\/"]}]},{"@type":"BreadcrumbList","@id":"https:\/\/vol-nat.com\/fr\/#breadcrumb","itemListElement":[{"@type":"ListItem","position":1,"name":"Home","item":"https:\/\/vol-nat.com\/fr\/"},{"@type":"ListItem","position":2,"name":"Accueil"}]},{"@type":"WebSite","@id":"https:\/\/vol-nat.com\/fr\/#website","url":"https:\/\/vol-nat.com\/fr\/","name":"Volnat","description":"Premium walnuts, farmed with love.","publisher":{"@id":"https:\/\/vol-nat.com\/fr\/#organization"},"potentialAction":[{"@type":"SearchAction","target":{"@type":"EntryPoint","urlTemplate":"https:\/\/vol-nat.com\/fr\/?s={search_term_string}"},"query-input":{"@type":"PropertyValueSpecification","valueRequired":true,"valueName":"search_term_string"}}],"inLanguage":"fr-FR"},{"@type":"Organization","@id":"https:\/\/vol-nat.com\/fr\/#organization","name":"Volnat","alternateName":"VolNat","url":"https:\/\/vol-nat.com\/fr\/","logo":{"@type":"ImageObject","inLanguage":"fr-FR","@id":"https:\/\/vol-nat.com\/fr\/#\/schema\/logo\/image\/","url":"http:\/\/vol-nat.com\/wp-content\/uploads\/2023\/03\/lo.png","contentUrl":"http:\/\/vol-nat.com\/wp-content\/uploads\/2023\/03\/lo.png","width":201,"height":45,"caption":"Volnat"},"image":{"@id":"https:\/\/vol-nat.com\/fr\/#\/schema\/logo\/image\/"}}]}},"_links":{"self":[{"href":"https:\/\/vol-nat.com\/fr\/wp-json\/wp\/v2\/pages\/565","targetHints":{"allow":["GET"]}}],"collection":[{"href":"https:\/\/vol-nat.com\/fr\/wp-json\/wp\/v2\/pages"}],"about":[{"href":"https:\/\/vol-nat.com\/fr\/wp-json\/wp\/v2\/types\/page"}],"author":[{"embeddable":true,"href":"https:\/\/vol-nat.com\/fr\/wp-json\/wp\/v2\/users\/1"}],"replies":[{"embeddable":true,"href":"https:\/\/vol-nat.com\/fr\/wp-json\/wp\/v2\/comments?post=565"}],"version-history":[{"count":0,"href":"https:\/\/vol-nat.com\/fr\/wp-json\/wp\/v2\/pages\/565\/revisions"}],"wp:attachment":[{"href":"https:\/\/vol-nat.com\/fr\/wp-json\/wp\/v2\/media?parent=565"}],"curies":[{"name":"wp","href":"https:\/\/api.w.org\/{rel}","templated":true}]}}