{"id":564,"date":"2023-03-06T20:02:27","date_gmt":"2023-03-06T18:02:27","guid":{"rendered":"https:\/\/vol-nat.com\/nos-noix\/"},"modified":"2025-12-04T13:45:54","modified_gmt":"2025-12-04T11:45:54","slug":"our-walnuts","status":"publish","type":"page","link":"https:\/\/vol-nat.com\/fr\/our-walnuts\/","title":{"rendered":"Nos noix"},"content":{"rendered":"","protected":false},"excerpt":{"rendered":"","protected":false},"author":1,"featured_media":0,"parent":0,"menu_order":2,"comment_status":"closed","ping_status":"closed","template":"","meta":{"footnotes":""},"class_list":["post-564","page","type-page","status-publish","hentry"],"yoast_head":"<!-- This site is optimized with the Yoast SEO plugin v27.4 - https:\/\/yoast.com\/product\/yoast-seo-wordpress\/ -->\n<title>Achetez les meilleures noix de Grenoble en gros : Obtenez des noix brutes biologiques \u00e0 des prix de gros<\/title>\n<meta name=\"description\" content=\"Volnat propose aux grossistes et aux d\u00e9taillants des noix brutes en coque en vrac, livr\u00e9es \u00e0 domicile. Achetez des noix de la meilleure qualit\u00e9 en grandes quantit\u00e9s \u00e0 partir de 800 kg. Demandez un devis maintenant !\" \/>\n<meta name=\"robots\" content=\"index, follow, max-snippet:-1, max-image-preview:large, max-video-preview:-1\" \/>\n<link rel=\"canonical\" href=\"https:\/\/vol-nat.com\/fr\/our-walnuts\/\" \/>\n<meta property=\"og:locale\" content=\"fr_FR\" \/>\n<meta property=\"og:type\" content=\"article\" \/>\n<meta property=\"og:title\" content=\"Achetez les meilleures noix de Grenoble en gros : Obtenez des noix brutes biologiques \u00e0 des prix de gros\" \/>\n<meta property=\"og:description\" content=\"Volnat propose aux grossistes et aux d\u00e9taillants des noix brutes en coque en vrac, livr\u00e9es \u00e0 domicile. Achetez des noix de la meilleure qualit\u00e9 en grandes quantit\u00e9s \u00e0 partir de 800 kg. Demandez un devis maintenant !\" \/>\n<meta property=\"og:url\" content=\"https:\/\/vol-nat.com\/fr\/our-walnuts\/\" \/>\n<meta property=\"og:site_name\" content=\"Volnat\" \/>\n<meta property=\"article:modified_time\" content=\"2025-12-04T11:45:54+00:00\" \/>\n<meta property=\"og:image\" content=\"https:\/\/vol-nat.com\/wp-content\/uploads\/2023\/03\/Artboard-\u2013-1.jpg\" \/>\n\t<meta property=\"og:image:width\" content=\"1200\" \/>\n\t<meta property=\"og:image:height\" content=\"675\" \/>\n\t<meta property=\"og:image:type\" content=\"image\/jpeg\" \/>\n<meta name=\"twitter:card\" content=\"summary_large_image\" \/>\n<script type=\"application\/ld+json\" class=\"yoast-schema-graph\">{\"@context\":\"https:\\\/\\\/schema.org\",\"@graph\":[{\"@type\":\"WebPage\",\"@id\":\"https:\\\/\\\/vol-nat.com\\\/fr\\\/our-walnuts\\\/\",\"url\":\"https:\\\/\\\/vol-nat.com\\\/fr\\\/our-walnuts\\\/\",\"name\":\"Achetez les meilleures noix de Grenoble en gros : Obtenez des noix brutes biologiques \u00e0 des prix de gros\",\"isPartOf\":{\"@id\":\"https:\\\/\\\/vol-nat.com\\\/fr\\\/#website\"},\"datePublished\":\"2023-03-06T18:02:27+00:00\",\"dateModified\":\"2025-12-04T11:45:54+00:00\",\"description\":\"Volnat propose aux grossistes et aux d\u00e9taillants des noix brutes en coque en vrac, livr\u00e9es \u00e0 domicile. Achetez des noix de la meilleure qualit\u00e9 en grandes quantit\u00e9s \u00e0 partir de 800 kg. Demandez un devis maintenant !\",\"breadcrumb\":{\"@id\":\"https:\\\/\\\/vol-nat.com\\\/fr\\\/our-walnuts\\\/#breadcrumb\"},\"inLanguage\":\"fr-FR\",\"potentialAction\":[{\"@type\":\"ReadAction\",\"target\":[\"https:\\\/\\\/vol-nat.com\\\/fr\\\/our-walnuts\\\/\"]}]},{\"@type\":\"BreadcrumbList\",\"@id\":\"https:\\\/\\\/vol-nat.com\\\/fr\\\/our-walnuts\\\/#breadcrumb\",\"itemListElement\":[{\"@type\":\"ListItem\",\"position\":1,\"name\":\"Home\",\"item\":\"https:\\\/\\\/vol-nat.com\\\/fr\\\/\"},{\"@type\":\"ListItem\",\"position\":2,\"name\":\"Nos noix\"}]},{\"@type\":\"WebSite\",\"@id\":\"https:\\\/\\\/vol-nat.com\\\/fr\\\/#website\",\"url\":\"https:\\\/\\\/vol-nat.com\\\/fr\\\/\",\"name\":\"Volnat\",\"description\":\"Premium walnuts, farmed with love.\",\"publisher\":{\"@id\":\"https:\\\/\\\/vol-nat.com\\\/fr\\\/#organization\"},\"potentialAction\":[{\"@type\":\"SearchAction\",\"target\":{\"@type\":\"EntryPoint\",\"urlTemplate\":\"https:\\\/\\\/vol-nat.com\\\/fr\\\/?s={search_term_string}\"},\"query-input\":{\"@type\":\"PropertyValueSpecification\",\"valueRequired\":true,\"valueName\":\"search_term_string\"}}],\"inLanguage\":\"fr-FR\"},{\"@type\":\"Organization\",\"@id\":\"https:\\\/\\\/vol-nat.com\\\/fr\\\/#organization\",\"name\":\"Volnat\",\"alternateName\":\"VolNat\",\"url\":\"https:\\\/\\\/vol-nat.com\\\/fr\\\/\",\"logo\":{\"@type\":\"ImageObject\",\"inLanguage\":\"fr-FR\",\"@id\":\"https:\\\/\\\/vol-nat.com\\\/fr\\\/#\\\/schema\\\/logo\\\/image\\\/\",\"url\":\"http:\\\/\\\/vol-nat.com\\\/wp-content\\\/uploads\\\/2023\\\/03\\\/lo.png\",\"contentUrl\":\"http:\\\/\\\/vol-nat.com\\\/wp-content\\\/uploads\\\/2023\\\/03\\\/lo.png\",\"width\":201,\"height\":45,\"caption\":\"Volnat\"},\"image\":{\"@id\":\"https:\\\/\\\/vol-nat.com\\\/fr\\\/#\\\/schema\\\/logo\\\/image\\\/\"}}]}<\/script>\n<!-- \/ Yoast SEO plugin. -->","yoast_head_json":{"title":"Achetez les meilleures noix de Grenoble en gros : Obtenez des noix brutes biologiques \u00e0 des prix de gros","description":"Volnat propose aux grossistes et aux d\u00e9taillants des noix brutes en coque en vrac, livr\u00e9es \u00e0 domicile. Achetez des noix de la meilleure qualit\u00e9 en grandes quantit\u00e9s \u00e0 partir de 800 kg. Demandez un devis maintenant !","robots":{"index":"index","follow":"follow","max-snippet":"max-snippet:-1","max-image-preview":"max-image-preview:large","max-video-preview":"max-video-preview:-1"},"canonical":"https:\/\/vol-nat.com\/fr\/our-walnuts\/","og_locale":"fr_FR","og_type":"article","og_title":"Achetez les meilleures noix de Grenoble en gros : Obtenez des noix brutes biologiques \u00e0 des prix de gros","og_description":"Volnat propose aux grossistes et aux d\u00e9taillants des noix brutes en coque en vrac, livr\u00e9es \u00e0 domicile. Achetez des noix de la meilleure qualit\u00e9 en grandes quantit\u00e9s \u00e0 partir de 800 kg. Demandez un devis maintenant !","og_url":"https:\/\/vol-nat.com\/fr\/our-walnuts\/","og_site_name":"Volnat","article_modified_time":"2025-12-04T11:45:54+00:00","og_image":[{"width":1200,"height":675,"url":"https:\/\/vol-nat.com\/wp-content\/uploads\/2023\/03\/Artboard-\u2013-1.jpg","type":"image\/jpeg"}],"twitter_card":"summary_large_image","schema":{"@context":"https:\/\/schema.org","@graph":[{"@type":"WebPage","@id":"https:\/\/vol-nat.com\/fr\/our-walnuts\/","url":"https:\/\/vol-nat.com\/fr\/our-walnuts\/","name":"Achetez les meilleures noix de Grenoble en gros : Obtenez des noix brutes biologiques \u00e0 des prix de gros","isPartOf":{"@id":"https:\/\/vol-nat.com\/fr\/#website"},"datePublished":"2023-03-06T18:02:27+00:00","dateModified":"2025-12-04T11:45:54+00:00","description":"Volnat propose aux grossistes et aux d\u00e9taillants des noix brutes en coque en vrac, livr\u00e9es \u00e0 domicile. Achetez des noix de la meilleure qualit\u00e9 en grandes quantit\u00e9s \u00e0 partir de 800 kg. Demandez un devis maintenant !","breadcrumb":{"@id":"https:\/\/vol-nat.com\/fr\/our-walnuts\/#breadcrumb"},"inLanguage":"fr-FR","potentialAction":[{"@type":"ReadAction","target":["https:\/\/vol-nat.com\/fr\/our-walnuts\/"]}]},{"@type":"BreadcrumbList","@id":"https:\/\/vol-nat.com\/fr\/our-walnuts\/#breadcrumb","itemListElement":[{"@type":"ListItem","position":1,"name":"Home","item":"https:\/\/vol-nat.com\/fr\/"},{"@type":"ListItem","position":2,"name":"Nos noix"}]},{"@type":"WebSite","@id":"https:\/\/vol-nat.com\/fr\/#website","url":"https:\/\/vol-nat.com\/fr\/","name":"Volnat","description":"Premium walnuts, farmed with love.","publisher":{"@id":"https:\/\/vol-nat.com\/fr\/#organization"},"potentialAction":[{"@type":"SearchAction","target":{"@type":"EntryPoint","urlTemplate":"https:\/\/vol-nat.com\/fr\/?s={search_term_string}"},"query-input":{"@type":"PropertyValueSpecification","valueRequired":true,"valueName":"search_term_string"}}],"inLanguage":"fr-FR"},{"@type":"Organization","@id":"https:\/\/vol-nat.com\/fr\/#organization","name":"Volnat","alternateName":"VolNat","url":"https:\/\/vol-nat.com\/fr\/","logo":{"@type":"ImageObject","inLanguage":"fr-FR","@id":"https:\/\/vol-nat.com\/fr\/#\/schema\/logo\/image\/","url":"http:\/\/vol-nat.com\/wp-content\/uploads\/2023\/03\/lo.png","contentUrl":"http:\/\/vol-nat.com\/wp-content\/uploads\/2023\/03\/lo.png","width":201,"height":45,"caption":"Volnat"},"image":{"@id":"https:\/\/vol-nat.com\/fr\/#\/schema\/logo\/image\/"}}]}},"_links":{"self":[{"href":"https:\/\/vol-nat.com\/fr\/wp-json\/wp\/v2\/pages\/564","targetHints":{"allow":["GET"]}}],"collection":[{"href":"https:\/\/vol-nat.com\/fr\/wp-json\/wp\/v2\/pages"}],"about":[{"href":"https:\/\/vol-nat.com\/fr\/wp-json\/wp\/v2\/types\/page"}],"author":[{"embeddable":true,"href":"https:\/\/vol-nat.com\/fr\/wp-json\/wp\/v2\/users\/1"}],"replies":[{"embeddable":true,"href":"https:\/\/vol-nat.com\/fr\/wp-json\/wp\/v2\/comments?post=564"}],"version-history":[{"count":1,"href":"https:\/\/vol-nat.com\/fr\/wp-json\/wp\/v2\/pages\/564\/revisions"}],"predecessor-version":[{"id":1506,"href":"https:\/\/vol-nat.com\/fr\/wp-json\/wp\/v2\/pages\/564\/revisions\/1506"}],"wp:attachment":[{"href":"https:\/\/vol-nat.com\/fr\/wp-json\/wp\/v2\/media?parent=564"}],"curies":[{"name":"wp","href":"https:\/\/api.w.org\/{rel}","templated":true}]}}