{"id":540,"date":"2023-03-06T20:02:27","date_gmt":"2023-03-06T18:02:27","guid":{"rendered":"https:\/\/vol-nat.com\/our-walnuts\/"},"modified":"2025-12-04T13:45:50","modified_gmt":"2025-12-04T11:45:50","slug":"our-walnuts","status":"publish","type":"page","link":"https:\/\/vol-nat.com\/de\/our-walnuts\/","title":{"rendered":"Unsere Waln\u00fcsse"},"content":{"rendered":"","protected":false},"excerpt":{"rendered":"","protected":false},"author":1,"featured_media":0,"parent":0,"menu_order":2,"comment_status":"closed","ping_status":"closed","template":"","meta":{"footnotes":""},"class_list":["post-540","page","type-page","status-publish","hentry"],"yoast_head":"<!-- This site is optimized with the Yoast SEO plugin v27.4 - https:\/\/yoast.com\/product\/yoast-seo-wordpress\/ -->\n<title>Kaufen Sie die besten Waln\u00fcsse in Gro\u00dfhandelsqualit\u00e4t: Erhalten Sie rohe Bio-Waln\u00fcsse zu Gro\u00dfhandelspreisen<\/title>\n<meta name=\"description\" content=\"Volnat bietet Gro\u00dfh\u00e4ndlern und Einzelh\u00e4ndlern rohe Waln\u00fcsse in Schalen zum Verkauf an und liefert sie an Ihre Haust\u00fcr. Kaufen Sie Waln\u00fcsse in bester Qualit\u00e4t in gro\u00dfen Mengen ab 800kg. Jetzt ein Angebot einholen!\" \/>\n<meta name=\"robots\" content=\"index, follow, max-snippet:-1, max-image-preview:large, max-video-preview:-1\" \/>\n<link rel=\"canonical\" href=\"https:\/\/vol-nat.com\/de\/our-walnuts\/\" \/>\n<meta property=\"og:locale\" content=\"de_DE\" \/>\n<meta property=\"og:type\" content=\"article\" \/>\n<meta property=\"og:title\" content=\"Kaufen Sie die besten Waln\u00fcsse in Gro\u00dfhandelsqualit\u00e4t: Erhalten Sie rohe Bio-Waln\u00fcsse zu Gro\u00dfhandelspreisen\" \/>\n<meta property=\"og:description\" content=\"Volnat bietet Gro\u00dfh\u00e4ndlern und Einzelh\u00e4ndlern rohe Waln\u00fcsse in Schalen zum Verkauf an und liefert sie an Ihre Haust\u00fcr. Kaufen Sie Waln\u00fcsse in bester Qualit\u00e4t in gro\u00dfen Mengen ab 800kg. Jetzt ein Angebot einholen!\" \/>\n<meta property=\"og:url\" content=\"https:\/\/vol-nat.com\/de\/our-walnuts\/\" \/>\n<meta property=\"og:site_name\" content=\"Volnat\" \/>\n<meta property=\"article:modified_time\" content=\"2025-12-04T11:45:50+00:00\" \/>\n<meta property=\"og:image\" content=\"https:\/\/vol-nat.com\/wp-content\/uploads\/2023\/03\/Artboard-\u2013-1.jpg\" \/>\n\t<meta property=\"og:image:width\" content=\"1200\" \/>\n\t<meta property=\"og:image:height\" content=\"675\" \/>\n\t<meta property=\"og:image:type\" content=\"image\/jpeg\" \/>\n<meta name=\"twitter:card\" content=\"summary_large_image\" \/>\n<script type=\"application\/ld+json\" class=\"yoast-schema-graph\">{\"@context\":\"https:\\\/\\\/schema.org\",\"@graph\":[{\"@type\":\"WebPage\",\"@id\":\"https:\\\/\\\/vol-nat.com\\\/de\\\/our-walnuts\\\/\",\"url\":\"https:\\\/\\\/vol-nat.com\\\/de\\\/our-walnuts\\\/\",\"name\":\"Kaufen Sie die besten Waln\u00fcsse in Gro\u00dfhandelsqualit\u00e4t: Erhalten Sie rohe Bio-Waln\u00fcsse zu Gro\u00dfhandelspreisen\",\"isPartOf\":{\"@id\":\"https:\\\/\\\/vol-nat.com\\\/de\\\/#website\"},\"datePublished\":\"2023-03-06T18:02:27+00:00\",\"dateModified\":\"2025-12-04T11:45:50+00:00\",\"description\":\"Volnat bietet Gro\u00dfh\u00e4ndlern und Einzelh\u00e4ndlern rohe Waln\u00fcsse in Schalen zum Verkauf an und liefert sie an Ihre Haust\u00fcr. Kaufen Sie Waln\u00fcsse in bester Qualit\u00e4t in gro\u00dfen Mengen ab 800kg. Jetzt ein Angebot einholen!\",\"breadcrumb\":{\"@id\":\"https:\\\/\\\/vol-nat.com\\\/de\\\/our-walnuts\\\/#breadcrumb\"},\"inLanguage\":\"de\",\"potentialAction\":[{\"@type\":\"ReadAction\",\"target\":[\"https:\\\/\\\/vol-nat.com\\\/de\\\/our-walnuts\\\/\"]}]},{\"@type\":\"BreadcrumbList\",\"@id\":\"https:\\\/\\\/vol-nat.com\\\/de\\\/our-walnuts\\\/#breadcrumb\",\"itemListElement\":[{\"@type\":\"ListItem\",\"position\":1,\"name\":\"Startseite\",\"item\":\"https:\\\/\\\/vol-nat.com\\\/de\\\/\"},{\"@type\":\"ListItem\",\"position\":2,\"name\":\"Unsere Waln\u00fcsse\"}]},{\"@type\":\"WebSite\",\"@id\":\"https:\\\/\\\/vol-nat.com\\\/de\\\/#website\",\"url\":\"https:\\\/\\\/vol-nat.com\\\/de\\\/\",\"name\":\"Volnat\",\"description\":\"Hochwertige Waln\u00fcsse, mit Liebe gez\u00fcchtet.\",\"publisher\":{\"@id\":\"https:\\\/\\\/vol-nat.com\\\/de\\\/#organization\"},\"potentialAction\":[{\"@type\":\"SearchAction\",\"target\":{\"@type\":\"EntryPoint\",\"urlTemplate\":\"https:\\\/\\\/vol-nat.com\\\/de\\\/?s={search_term_string}\"},\"query-input\":{\"@type\":\"PropertyValueSpecification\",\"valueRequired\":true,\"valueName\":\"search_term_string\"}}],\"inLanguage\":\"de\"},{\"@type\":\"Organization\",\"@id\":\"https:\\\/\\\/vol-nat.com\\\/de\\\/#organization\",\"name\":\"Volnat\",\"alternateName\":\"VolNat\",\"url\":\"https:\\\/\\\/vol-nat.com\\\/de\\\/\",\"logo\":{\"@type\":\"ImageObject\",\"inLanguage\":\"de\",\"@id\":\"https:\\\/\\\/vol-nat.com\\\/de\\\/#\\\/schema\\\/logo\\\/image\\\/\",\"url\":\"http:\\\/\\\/vol-nat.com\\\/wp-content\\\/uploads\\\/2023\\\/03\\\/lo.png\",\"contentUrl\":\"http:\\\/\\\/vol-nat.com\\\/wp-content\\\/uploads\\\/2023\\\/03\\\/lo.png\",\"width\":201,\"height\":45,\"caption\":\"Volnat\"},\"image\":{\"@id\":\"https:\\\/\\\/vol-nat.com\\\/de\\\/#\\\/schema\\\/logo\\\/image\\\/\"}}]}<\/script>\n<!-- \/ Yoast SEO plugin. -->","yoast_head_json":{"title":"Kaufen Sie die besten Waln\u00fcsse in Gro\u00dfhandelsqualit\u00e4t: Erhalten Sie rohe Bio-Waln\u00fcsse zu Gro\u00dfhandelspreisen","description":"Volnat bietet Gro\u00dfh\u00e4ndlern und Einzelh\u00e4ndlern rohe Waln\u00fcsse in Schalen zum Verkauf an und liefert sie an Ihre Haust\u00fcr. Kaufen Sie Waln\u00fcsse in bester Qualit\u00e4t in gro\u00dfen Mengen ab 800kg. Jetzt ein Angebot einholen!","robots":{"index":"index","follow":"follow","max-snippet":"max-snippet:-1","max-image-preview":"max-image-preview:large","max-video-preview":"max-video-preview:-1"},"canonical":"https:\/\/vol-nat.com\/de\/our-walnuts\/","og_locale":"de_DE","og_type":"article","og_title":"Kaufen Sie die besten Waln\u00fcsse in Gro\u00dfhandelsqualit\u00e4t: Erhalten Sie rohe Bio-Waln\u00fcsse zu Gro\u00dfhandelspreisen","og_description":"Volnat bietet Gro\u00dfh\u00e4ndlern und Einzelh\u00e4ndlern rohe Waln\u00fcsse in Schalen zum Verkauf an und liefert sie an Ihre Haust\u00fcr. Kaufen Sie Waln\u00fcsse in bester Qualit\u00e4t in gro\u00dfen Mengen ab 800kg. Jetzt ein Angebot einholen!","og_url":"https:\/\/vol-nat.com\/de\/our-walnuts\/","og_site_name":"Volnat","article_modified_time":"2025-12-04T11:45:50+00:00","og_image":[{"width":1200,"height":675,"url":"https:\/\/vol-nat.com\/wp-content\/uploads\/2023\/03\/Artboard-\u2013-1.jpg","type":"image\/jpeg"}],"twitter_card":"summary_large_image","schema":{"@context":"https:\/\/schema.org","@graph":[{"@type":"WebPage","@id":"https:\/\/vol-nat.com\/de\/our-walnuts\/","url":"https:\/\/vol-nat.com\/de\/our-walnuts\/","name":"Kaufen Sie die besten Waln\u00fcsse in Gro\u00dfhandelsqualit\u00e4t: Erhalten Sie rohe Bio-Waln\u00fcsse zu Gro\u00dfhandelspreisen","isPartOf":{"@id":"https:\/\/vol-nat.com\/de\/#website"},"datePublished":"2023-03-06T18:02:27+00:00","dateModified":"2025-12-04T11:45:50+00:00","description":"Volnat bietet Gro\u00dfh\u00e4ndlern und Einzelh\u00e4ndlern rohe Waln\u00fcsse in Schalen zum Verkauf an und liefert sie an Ihre Haust\u00fcr. Kaufen Sie Waln\u00fcsse in bester Qualit\u00e4t in gro\u00dfen Mengen ab 800kg. Jetzt ein Angebot einholen!","breadcrumb":{"@id":"https:\/\/vol-nat.com\/de\/our-walnuts\/#breadcrumb"},"inLanguage":"de","potentialAction":[{"@type":"ReadAction","target":["https:\/\/vol-nat.com\/de\/our-walnuts\/"]}]},{"@type":"BreadcrumbList","@id":"https:\/\/vol-nat.com\/de\/our-walnuts\/#breadcrumb","itemListElement":[{"@type":"ListItem","position":1,"name":"Startseite","item":"https:\/\/vol-nat.com\/de\/"},{"@type":"ListItem","position":2,"name":"Unsere Waln\u00fcsse"}]},{"@type":"WebSite","@id":"https:\/\/vol-nat.com\/de\/#website","url":"https:\/\/vol-nat.com\/de\/","name":"Volnat","description":"Hochwertige Waln\u00fcsse, mit Liebe gez\u00fcchtet.","publisher":{"@id":"https:\/\/vol-nat.com\/de\/#organization"},"potentialAction":[{"@type":"SearchAction","target":{"@type":"EntryPoint","urlTemplate":"https:\/\/vol-nat.com\/de\/?s={search_term_string}"},"query-input":{"@type":"PropertyValueSpecification","valueRequired":true,"valueName":"search_term_string"}}],"inLanguage":"de"},{"@type":"Organization","@id":"https:\/\/vol-nat.com\/de\/#organization","name":"Volnat","alternateName":"VolNat","url":"https:\/\/vol-nat.com\/de\/","logo":{"@type":"ImageObject","inLanguage":"de","@id":"https:\/\/vol-nat.com\/de\/#\/schema\/logo\/image\/","url":"http:\/\/vol-nat.com\/wp-content\/uploads\/2023\/03\/lo.png","contentUrl":"http:\/\/vol-nat.com\/wp-content\/uploads\/2023\/03\/lo.png","width":201,"height":45,"caption":"Volnat"},"image":{"@id":"https:\/\/vol-nat.com\/de\/#\/schema\/logo\/image\/"}}]}},"_links":{"self":[{"href":"https:\/\/vol-nat.com\/de\/wp-json\/wp\/v2\/pages\/540","targetHints":{"allow":["GET"]}}],"collection":[{"href":"https:\/\/vol-nat.com\/de\/wp-json\/wp\/v2\/pages"}],"about":[{"href":"https:\/\/vol-nat.com\/de\/wp-json\/wp\/v2\/types\/page"}],"author":[{"embeddable":true,"href":"https:\/\/vol-nat.com\/de\/wp-json\/wp\/v2\/users\/1"}],"replies":[{"embeddable":true,"href":"https:\/\/vol-nat.com\/de\/wp-json\/wp\/v2\/comments?post=540"}],"version-history":[{"count":1,"href":"https:\/\/vol-nat.com\/de\/wp-json\/wp\/v2\/pages\/540\/revisions"}],"predecessor-version":[{"id":1504,"href":"https:\/\/vol-nat.com\/de\/wp-json\/wp\/v2\/pages\/540\/revisions\/1504"}],"wp:attachment":[{"href":"https:\/\/vol-nat.com\/de\/wp-json\/wp\/v2\/media?parent=540"}],"curies":[{"name":"wp","href":"https:\/\/api.w.org\/{rel}","templated":true}]}}